{"id":12525,"date":"2023-05-05T11:50:31","date_gmt":"2023-05-05T11:50:31","guid":{"rendered":"https:\/\/www.iplp2698.odns.fr\/?page_id=12525"},"modified":"2023-06-12T08:56:46","modified_gmt":"2023-06-12T08:56:46","slug":"suspence-elegance","status":"publish","type":"page","link":"https:\/\/www.julytourret.com\/en\/univers-musicaux\/suspence-elegance\/","title":{"rendered":"Suspense Elegance"},"content":{"rendered":"<div data-elementor-type=\"wp-page\" data-elementor-id=\"12525\" class=\"elementor elementor-12525\" data-elementor-post-type=\"page\">\n\t\t\t\t\t\t<section class=\"elementor-section elementor-top-section elementor-element elementor-element-d3df8cd elementor-hidden-desktop elementor-hidden-tablet elementor-section-boxed elementor-section-height-default elementor-section-height-default qodef-elementor-container-no qodef-section qodef-parallax-section-holder-touch-disabled qodef-parallax-section-no qodef-section-with-no-shadow\" data-id=\"d3df8cd\" data-element_type=\"section\">\n\t\t\t\t\t\t<div class=\"elementor-container elementor-column-gap-default\">\n\t\t\t\t\t<div class=\"elementor-column elementor-col-100 elementor-top-column elementor-element elementor-element-3b5b71d\" data-id=\"3b5b71d\" data-element_type=\"column\">\n\t\t\t<div class=\"elementor-widget-wrap elementor-element-populated\">\n\t\t\t\t\t\t<div class=\"elementor-element elementor-element-2fbe758 elementor-align-left elementor-mobile-align-center elementor-widget elementor-widget-breadcrumbs\" data-id=\"2fbe758\" data-element_type=\"widget\" data-widget_type=\"breadcrumbs.default\">\n\t\t\t\t<div class=\"elementor-widget-container\">\n\t\t\t<link rel=\"stylesheet\" href=\"https:\/\/www.julytourret.com\/wp-content\/plugins\/elementor-pro\/assets\/css\/widget-theme-elements.min.css\"><p id=\"breadcrumbs\"><\/p>\t\t<\/div>\n\t\t\t\t<\/div>\n\t\t\t\t\t<\/div>\n\t\t<\/div>\n\t\t\t\t\t<\/div>\n\t\t<\/section>\n\t\t\t\t<section class=\"elementor-section elementor-top-section elementor-element elementor-element-1b50519 elementor-hidden-desktop elementor-hidden-tablet elementor-section-boxed elementor-section-height-default elementor-section-height-default qodef-elementor-container-no qodef-section qodef-parallax-section-holder-touch-disabled qodef-parallax-section-no qodef-section-with-no-shadow\" data-id=\"1b50519\" data-element_type=\"section\">\n\t\t\t\t\t\t<div class=\"elementor-container elementor-column-gap-default\">\n\t\t\t\t\t<div class=\"elementor-column elementor-col-33 elementor-top-column elementor-element elementor-element-24d1987\" data-id=\"24d1987\" data-element_type=\"column\">\n\t\t\t<div class=\"elementor-widget-wrap elementor-element-populated\">\n\t\t\t\t\t\t<div class=\"elementor-element elementor-element-43e58af elementor-view-default elementor-widget elementor-widget-icon\" data-id=\"43e58af\" data-element_type=\"widget\" data-widget_type=\"icon.default\">\n\t\t\t\t<div class=\"elementor-widget-container\">\n\t\t\t\t\t<div class=\"elementor-icon-wrapper\">\n\t\t\t<a class=\"elementor-icon\" href=\"https:\/\/www.julytourret.com\/en\/univers-musicaux\/suspence-elegance\/\">\n\t\t\t<i aria-hidden=\"true\" class=\"fas fa-chevron-left\"><\/i>\t\t\t<\/a>\n\t\t<\/div>\n\t\t\t\t<\/div>\n\t\t\t\t<\/div>\n\t\t\t\t\t<\/div>\n\t\t<\/div>\n\t\t\t\t<div class=\"elementor-column elementor-col-33 elementor-top-column elementor-element elementor-element-08c016d\" data-id=\"08c016d\" data-element_type=\"column\">\n\t\t\t<div class=\"elementor-widget-wrap elementor-element-populated\">\n\t\t\t\t\t\t<div class=\"elementor-element elementor-element-832fbd9 elementor-widget elementor-widget-image\" data-id=\"832fbd9\" data-element_type=\"widget\" data-widget_type=\"image.default\">\n\t\t\t\t<div class=\"elementor-widget-container\">\n\t\t\t<style>\/*! elementor - v3.21.0 - 26-05-2024 *\/\n.elementor-widget-image{text-align:center}.elementor-widget-image a{display:inline-block}.elementor-widget-image a img[src$=\".svg\"]{width:48px}.elementor-widget-image img{vertical-align:middle;display:inline-block}<\/style>\t\t\t\t\t\t\t\t\t\t<img decoding=\"async\" src=\"https:\/\/www.julytourret.com\/wp-content\/uploads\/elementor\/thumbs\/230331_JULY-TOURRET_camera-q644eo9vjgqdflwg73lgji8rvbm0d7b6eol0kyyhog.png\" title=\"230331_JULY-TOURRET_camera\" alt=\"230331_JULY-TOURRET_camera\" loading=\"lazy\" \/>\t\t\t\t\t\t\t\t\t\t\t\t\t<\/div>\n\t\t\t\t<\/div>\n\t\t\t\t\t<\/div>\n\t\t<\/div>\n\t\t\t\t<div class=\"elementor-column elementor-col-33 elementor-top-column elementor-element elementor-element-f8634ce\" data-id=\"f8634ce\" data-element_type=\"column\">\n\t\t\t<div class=\"elementor-widget-wrap elementor-element-populated\">\n\t\t\t\t\t\t<div class=\"elementor-element elementor-element-00f978f elementor-view-default elementor-widget elementor-widget-icon\" data-id=\"00f978f\" data-element_type=\"widget\" data-widget_type=\"icon.default\">\n\t\t\t\t<div class=\"elementor-widget-container\">\n\t\t\t\t\t<div class=\"elementor-icon-wrapper\">\n\t\t\t<a class=\"elementor-icon\" href=\"https:\/\/www.julytourret.com\/en\/univers-musicaux\/pop-voice\/\">\n\t\t\t<i aria-hidden=\"true\" class=\"fas fa-chevron-right\"><\/i>\t\t\t<\/a>\n\t\t<\/div>\n\t\t\t\t<\/div>\n\t\t\t\t<\/div>\n\t\t\t\t\t<\/div>\n\t\t<\/div>\n\t\t\t\t\t<\/div>\n\t\t<\/section>\n\t\t\t\t<section class=\"elementor-section elementor-top-section elementor-element elementor-element-ea6ae39 elementor-section-full_width elementor-section-stretched elementor-section-height-default elementor-section-height-default qodef-elementor-container-no qodef-section qodef-parallax-section-holder-touch-disabled qodef-parallax-section-no qodef-section-with-no-shadow\" data-id=\"ea6ae39\" data-element_type=\"section\" data-settings=\"{&quot;stretch_section&quot;:&quot;section-stretched&quot;}\">\n\t\t\t\t\t\t<div class=\"elementor-container elementor-column-gap-default\">\n\t\t\t\t\t<div class=\"elementor-column elementor-col-25 elementor-top-column elementor-element elementor-element-a79dec0 elementor-hidden-mobile\" data-id=\"a79dec0\" data-element_type=\"column\">\n\t\t\t<div class=\"elementor-widget-wrap elementor-element-populated\">\n\t\t\t\t\t\t<div class=\"elementor-element elementor-element-5165643 elementor-view-default elementor-widget elementor-widget-icon\" data-id=\"5165643\" data-element_type=\"widget\" data-widget_type=\"icon.default\">\n\t\t\t\t<div class=\"elementor-widget-container\">\n\t\t\t\t\t<div class=\"elementor-icon-wrapper\">\n\t\t\t<a class=\"elementor-icon\" href=\"https:\/\/www.julytourret.com\/en\/univers-musicaux\/organic\/\">\n\t\t\t<i aria-hidden=\"true\" class=\"fas fa-chevron-left\"><\/i>\t\t\t<\/a>\n\t\t<\/div>\n\t\t\t\t<\/div>\n\t\t\t\t<\/div>\n\t\t\t\t\t<\/div>\n\t\t<\/div>\n\t\t\t\t<div class=\"elementor-column elementor-col-25 elementor-top-column elementor-element elementor-element-0325c3e\" data-id=\"0325c3e\" data-element_type=\"column\">\n\t\t\t<div class=\"elementor-widget-wrap elementor-element-populated\">\n\t\t\t\t\t\t<div class=\"elementor-element elementor-element-6b9a6c8 elementor-align-left elementor-mobile-align-center elementor-hidden-mobile elementor-widget elementor-widget-breadcrumbs\" data-id=\"6b9a6c8\" data-element_type=\"widget\" data-widget_type=\"breadcrumbs.default\">\n\t\t\t\t<div class=\"elementor-widget-container\">\n\t\t\t<p id=\"breadcrumbs\"><\/p>\t\t<\/div>\n\t\t\t\t<\/div>\n\t\t\t\t<div class=\"elementor-element elementor-element-f1f226e elementor-hidden-mobile elementor-widget elementor-widget-image\" data-id=\"f1f226e\" data-element_type=\"widget\" data-widget_type=\"image.default\">\n\t\t\t\t<div class=\"elementor-widget-container\">\n\t\t\t\t\t\t\t\t\t\t\t\t\t<img decoding=\"async\" src=\"https:\/\/www.julytourret.com\/wp-content\/uploads\/elementor\/thumbs\/230523_JULY-TOURRET-LOGO_noeud-papillon-q6vzjvs9lczwp0niq1zpolgtdjqk2lu6yiki6di22o.png\" title=\"230523_JULY-TOURRET-LOGO_noeud papillon\" alt=\"230523_JULY-TOURRET-LOGO_noeud papillon\" loading=\"lazy\" \/>\t\t\t\t\t\t\t\t\t\t\t\t\t<\/div>\n\t\t\t\t<\/div>\n\t\t\t\t<div class=\"elementor-element elementor-element-183c264 elementor-hidden-mobile elementor-widget elementor-widget-text-editor\" data-id=\"183c264\" data-element_type=\"widget\" data-widget_type=\"text-editor.default\">\n\t\t\t\t<div class=\"elementor-widget-container\">\n\t\t\t<style>\/*! elementor - v3.21.0 - 26-05-2024 *\/\n.elementor-widget-text-editor.elementor-drop-cap-view-stacked .elementor-drop-cap{background-color:#69727d;color:#fff}.elementor-widget-text-editor.elementor-drop-cap-view-framed .elementor-drop-cap{color:#69727d;border:3px solid;background-color:transparent}.elementor-widget-text-editor:not(.elementor-drop-cap-view-default) .elementor-drop-cap{margin-top:8px}.elementor-widget-text-editor:not(.elementor-drop-cap-view-default) .elementor-drop-cap-letter{width:1em;height:1em}.elementor-widget-text-editor .elementor-drop-cap{float:left;text-align:center;line-height:1;font-size:50px}.elementor-widget-text-editor .elementor-drop-cap-letter{display:inline-block}<\/style>\t\t\t\t<p>Mystery made of charm, where elegance breathes in the word, the gesture and the outfit.<\/p><p><span style=\"color: #000000;\">At the wheel of an English cabriolet with a leather interior or in an evening dress with a cocktail in hand, everything reminds us of the music and plot of films and series from the 60s and 70s.<\/span><\/p>\t\t\t\t\t\t<\/div>\n\t\t\t\t<\/div>\n\t\t\t\t<div class=\"elementor-element elementor-element-d215c2c elementor-widget elementor-widget-qodef_album_player\" data-id=\"d215c2c\" data-element_type=\"widget\" data-widget_type=\"qodef_album_player.default\">\n\t\t\t\t<div class=\"elementor-widget-container\">\n\t\t\t<div class=\"qodef-audio-player-wrapper qodef-player-transparent\"  style=\"background-color:\" >\n\t<div id= \"qodef-player-1805291461\" class=\"jp-jplayer\"><\/div>\n\t\t<div id= \"qodef-player-container-1805291461\" class=\"qodef-audio-player-holder\" data-album-id=\"12501\">\n\t\t<div class=\"qodef-audio-player-info-holder\">\n\t\t\t\t\t\t<div class=\"qodef-audio-player-text-holder\">\n\t\t\t\t<span class=\"qodef-audio-player-title\"><\/span>\n\t\t\t\t<span class=\"qodef-audio-player-album\"><\/span>\n\t\t\t<\/div>\n\t\t<\/div>\n\t\t<div class=\"qodef-audio-player-controls-holder\">\n\n\t\t\t<div class=\"jp-audio player-box\">\n\t\t\t\t<div class=\"jp-gui jp-interface\">\n\t\t\t\t\t<ul class=\"jp-controls\">\n\t\t\t\t\t\t<li style=\"background-color:\"><a class=\"jp-previous\" ><i class=\"fa fa-fast-backward\"><\/i><\/a><\/li><li style=\"background-color:\"><a class=\"jp-play\" ><i class=\"fa fa-play\"><\/i><i class=\"fa fa-pause\"><\/i><\/a><\/li><li style=\"background-color:\"><a class=\"jp-next\" ><i class=\"fa fa-fast-forward\"><\/i><\/a><\/li>\n\t\t\t\t\t<\/ul>\n\t\t\t\t<\/div>\n\t\t\t\t<div class=\"jp-type-playlist\">\n\t\t\t\t\t<div class=\"jp-playlist\">\n\t\t\t\t\t\t<ul class=\"tracks-list\">\n\t\t\t\t\t\t\t<li><\/li>\n\t\t\t\t\t\t<\/ul>\n\t\t\t\t\t<\/div>\n\t\t\t\t<\/div>\n\t\t\t<\/div>\n\t\t<\/div>\n\t\t<div class=\"qodef-audio-player-time-holder\">\n\t\t\t<div class=\"qodef-audio-player-progress-holder\">\n\t\t\t\t<div class=\"jp-audio player-box\">\n\t\t\t\t\t<div class=\"jp-gui jp-interface\">\n\t\t\t\t\t\t<div class=\"jp-progress\">\n\t\t\t\t\t\t\t<div class=\"jp-seek-bar\">\n\t\t\t\t\t\t\t\t<div class=\"jp-play-bar\"><\/div>\n\t\t\t\t\t\t\t<\/div>\n\t\t\t\t\t\t<\/div>\n\t\t\t\t\t<\/div>\n\t\t\t\t<\/div>\n\t\t\t<\/div>\n\t\t\t<div class=\"qodef-audio-player-current-time-holder\">\n\t\t\t\t<div class=\"jp-audio player-box\">\n\t\t\t\t\t<div class=\"jp-gui jp-interface\">\n\t\t\t\t\t\t<div class=\"time-box\">\n\t\t\t\t\t\t\t<span class=\"jp-current-time\"><\/span>\/<span class=\"jp-duration\"><\/span>\n\t\t\t\t\t\t<\/div>\n\t\t\t\t\t<\/div>\n\t\t\t\t<\/div>\n\t\t\t<\/div>\n\t\t<\/div>\n\t\t<div class=\"qodef-audio-player-volume-holder\">\n\t\t\t<div class=\"jp-volume-controls\">\n\t\t\t\t<a class=\"jp-mute\" role=\"button\" tabindex=\"0\"><i class=\"fa fa-volume-up\" aria-hidden=\"true\"><\/i><i class=\"fa fa-volume-off\" aria-hidden=\"true\"><\/i><\/a>\n\t\t\t\t<span class=\"jp-volume-bar\">\n\t\t\t\t\t<span class=\"jp-volume-bar-value\"><\/span>\n\t\t\t\t<\/span>\n\t\t\t<\/div>\n\t\t<\/div>\n\t<\/div>\n\t<\/div>\t\t<\/div>\n\t\t\t\t<\/div>\n\t\t\t\t\t<\/div>\n\t\t<\/div>\n\t\t\t\t<div class=\"elementor-column elementor-col-25 elementor-top-column elementor-element elementor-element-fd05f24\" data-id=\"fd05f24\" data-element_type=\"column\">\n\t\t\t<div class=\"elementor-widget-wrap elementor-element-populated\">\n\t\t\t\t\t\t<div class=\"elementor-element elementor-element-1681601 elementor-widget elementor-widget-qodef_album_disc\" data-id=\"1681601\" data-element_type=\"widget\" data-widget_type=\"qodef_album_disc.default\">\n\t\t\t\t<div class=\"elementor-widget-container\">\n\t\t\t<div class=\"qodef-album-disc qodef-animate-on-hover\">\n\t\t<div class=\"qodef-album-disc-inner\">\n\t\t<div class=\"qodef-album-disc-case-holder\">\n\t\t\t<img decoding=\"async\" class=\"qodef-album-disc-case\" src=\"https:\/\/www.julytourret.com\/wp-content\/uploads\/2023\/05\/suspence-elegance-1080x1080-2.png\" alt=\"July Tourret &#8211; Univers musicaux\" \/>\n\t\t<\/div>\n\t\t<div class=\"qodef-album-disc-element\">\n\t\t\t<div class=\"qodef-album-disc-image-holder\">\n\t\t\t\t<div class=\"qodef-album-disc-image\" style=\"background-image:url()\">\n\t\t\t\t\t<span class=\"qodef-album-disc-border\" ><\/span>\n\t\t\t\t<\/div> \n\t\t\t<\/div>\t\t\t\n\t\t<\/div>\n\t<\/div>\n<\/div>\t\t<\/div>\n\t\t\t\t<\/div>\n\t\t\t\t<div class=\"elementor-element elementor-element-5c7273f elementor-hidden-desktop elementor-hidden-tablet elementor-widget elementor-widget-text-editor\" data-id=\"5c7273f\" data-element_type=\"widget\" data-widget_type=\"text-editor.default\">\n\t\t\t\t<div class=\"elementor-widget-container\">\n\t\t\t\t\t\t\t<p>Mystery made of charm, where elegance breathes in the word, the gesture and the outfit.<\/p><p><span style=\"color: #000000;\">At the wheel of an English cabriolet with a leather interior or in an evening dress with a cocktail in hand, everything reminds us of the music and plot of films and series from the 60s and 70s.<\/span><\/p>\t\t\t\t\t\t<\/div>\n\t\t\t\t<\/div>\n\t\t\t\t\t<\/div>\n\t\t<\/div>\n\t\t\t\t<div class=\"elementor-column elementor-col-25 elementor-top-column elementor-element elementor-element-fd40076 elementor-hidden-mobile\" data-id=\"fd40076\" data-element_type=\"column\">\n\t\t\t<div class=\"elementor-widget-wrap elementor-element-populated\">\n\t\t\t\t\t\t<div class=\"elementor-element elementor-element-66d3485 elementor-view-default elementor-widget elementor-widget-icon\" data-id=\"66d3485\" data-element_type=\"widget\" data-widget_type=\"icon.default\">\n\t\t\t\t<div class=\"elementor-widget-container\">\n\t\t\t\t\t<div class=\"elementor-icon-wrapper\">\n\t\t\t<a class=\"elementor-icon\" href=\"https:\/\/www.julytourret.com\/en\/univers-musicaux\/long-metrage-2\/\">\n\t\t\t<i aria-hidden=\"true\" class=\"fas fa-chevron-right\"><\/i>\t\t\t<\/a>\n\t\t<\/div>\n\t\t\t\t<\/div>\n\t\t\t\t<\/div>\n\t\t\t\t\t<\/div>\n\t\t<\/div>\n\t\t\t\t\t<\/div>\n\t\t<\/section>\n\t\t\t\t<\/div>","protected":false},"excerpt":{"rendered":"<p>Myst\u00e8re fait de charme, o\u00f9 l&rsquo;\u00e9l\u00e9gance respire dans le mot, le geste et la tenue. Au volant d&rsquo;un cabriolet anglais&#8230;<\/p>","protected":false},"author":1,"featured_media":0,"parent":12157,"menu_order":0,"comment_status":"closed","ping_status":"closed","template":"full-width.php","meta":{"inline_featured_image":false,"footnotes":""},"class_list":["post-12525","page","type-page","status-publish","hentry"],"yoast_head":"<!-- This site is optimized with the Yoast SEO plugin v22.8 - https:\/\/yoast.com\/wordpress\/plugins\/seo\/ -->\n<title>Suspense Elegance - July Tourret<\/title>\n<meta name=\"robots\" content=\"index, follow, max-snippet:-1, max-image-preview:large, max-video-preview:-1\" \/>\n<link rel=\"canonical\" href=\"https:\/\/www.julytourret.com\/en\/univers-musicaux\/suspence-elegance\/\" \/>\n<meta property=\"og:locale\" content=\"en_US\" \/>\n<meta property=\"og:type\" content=\"article\" \/>\n<meta property=\"og:title\" content=\"Suspense Elegance - July Tourret\" \/>\n<meta property=\"og:description\" content=\"Myst\u00e8re fait de charme, o\u00f9 l&rsquo;\u00e9l\u00e9gance respire dans le mot, le geste et la tenue. Au volant d&rsquo;un cabriolet anglais...\" \/>\n<meta property=\"og:url\" content=\"https:\/\/www.julytourret.com\/en\/univers-musicaux\/suspence-elegance\/\" \/>\n<meta property=\"og:site_name\" content=\"July Tourret\" \/>\n<meta property=\"article:modified_time\" content=\"2023-06-12T08:56:46+00:00\" \/>\n<meta property=\"og:image\" content=\"https:\/\/www.julytourret.com\/wp-content\/uploads\/elementor\/thumbs\/230331_JULY-TOURRET_camera-q644eo9vjgqdflwg73lgji8rvbm0d7b6eol0kyyhog.png\" \/>\n<meta name=\"twitter:card\" content=\"summary_large_image\" \/>\n<meta name=\"twitter:label1\" content=\"Est. reading time\" \/>\n\t<meta name=\"twitter:data1\" content=\"2 minutes\" \/>\n<script type=\"application\/ld+json\" class=\"yoast-schema-graph\">{\"@context\":\"https:\/\/schema.org\",\"@graph\":[{\"@type\":\"WebPage\",\"@id\":\"https:\/\/www.julytourret.com\/univers-musicaux\/suspence-elegance\/\",\"url\":\"https:\/\/www.julytourret.com\/univers-musicaux\/suspence-elegance\/\",\"name\":\"Suspense Elegance - July Tourret\",\"isPartOf\":{\"@id\":\"https:\/\/www.julytourret.com\/#website\"},\"primaryImageOfPage\":{\"@id\":\"https:\/\/www.julytourret.com\/univers-musicaux\/suspence-elegance\/#primaryimage\"},\"image\":{\"@id\":\"https:\/\/www.julytourret.com\/univers-musicaux\/suspence-elegance\/#primaryimage\"},\"thumbnailUrl\":\"https:\/\/www.julytourret.com\/wp-content\/uploads\/elementor\/thumbs\/230331_JULY-TOURRET_camera-q644eo9vjgqdflwg73lgji8rvbm0d7b6eol0kyyhog.png\",\"datePublished\":\"2023-05-05T11:50:31+00:00\",\"dateModified\":\"2023-06-12T08:56:46+00:00\",\"breadcrumb\":{\"@id\":\"https:\/\/www.julytourret.com\/univers-musicaux\/suspence-elegance\/#breadcrumb\"},\"inLanguage\":\"en-US\",\"potentialAction\":[{\"@type\":\"ReadAction\",\"target\":[\"https:\/\/www.julytourret.com\/univers-musicaux\/suspence-elegance\/\"]}]},{\"@type\":\"ImageObject\",\"inLanguage\":\"en-US\",\"@id\":\"https:\/\/www.julytourret.com\/univers-musicaux\/suspence-elegance\/#primaryimage\",\"url\":\"https:\/\/www.julytourret.com\/wp-content\/uploads\/elementor\/thumbs\/230331_JULY-TOURRET_camera-q644eo9vjgqdflwg73lgji8rvbm0d7b6eol0kyyhog.png\",\"contentUrl\":\"https:\/\/www.julytourret.com\/wp-content\/uploads\/elementor\/thumbs\/230331_JULY-TOURRET_camera-q644eo9vjgqdflwg73lgji8rvbm0d7b6eol0kyyhog.png\"},{\"@type\":\"BreadcrumbList\",\"@id\":\"https:\/\/www.julytourret.com\/univers-musicaux\/suspence-elegance\/#breadcrumb\",\"itemListElement\":[{\"@type\":\"ListItem\",\"position\":1,\"name\":\"Univers Musicaux\",\"item\":\"https:\/\/www.julytourret.com\/univers-musicaux\/\"},{\"@type\":\"ListItem\",\"position\":2,\"name\":\"Suspense Elegance\"}]},{\"@type\":\"WebSite\",\"@id\":\"https:\/\/www.julytourret.com\/#website\",\"url\":\"https:\/\/www.julytourret.com\/\",\"name\":\"July Tourret\",\"description\":\"July Tourret\",\"potentialAction\":[{\"@type\":\"SearchAction\",\"target\":{\"@type\":\"EntryPoint\",\"urlTemplate\":\"https:\/\/www.julytourret.com\/?s={search_term_string}\"},\"query-input\":\"required name=search_term_string\"}],\"inLanguage\":\"en-US\"}]}<\/script>\n<!-- \/ Yoast SEO plugin. -->","yoast_head_json":{"title":"Suspense Elegance - July Tourret","robots":{"index":"index","follow":"follow","max-snippet":"max-snippet:-1","max-image-preview":"max-image-preview:large","max-video-preview":"max-video-preview:-1"},"canonical":"https:\/\/www.julytourret.com\/en\/univers-musicaux\/suspence-elegance\/","og_locale":"en_US","og_type":"article","og_title":"Suspense Elegance - July Tourret","og_description":"Myst\u00e8re fait de charme, o\u00f9 l&rsquo;\u00e9l\u00e9gance respire dans le mot, le geste et la tenue. Au volant d&rsquo;un cabriolet anglais...","og_url":"https:\/\/www.julytourret.com\/en\/univers-musicaux\/suspence-elegance\/","og_site_name":"July Tourret","article_modified_time":"2023-06-12T08:56:46+00:00","og_image":[{"url":"https:\/\/www.julytourret.com\/wp-content\/uploads\/elementor\/thumbs\/230331_JULY-TOURRET_camera-q644eo9vjgqdflwg73lgji8rvbm0d7b6eol0kyyhog.png"}],"twitter_card":"summary_large_image","twitter_misc":{"Est. reading time":"2 minutes"},"schema":{"@context":"https:\/\/schema.org","@graph":[{"@type":"WebPage","@id":"https:\/\/www.julytourret.com\/univers-musicaux\/suspence-elegance\/","url":"https:\/\/www.julytourret.com\/univers-musicaux\/suspence-elegance\/","name":"Suspense Elegance - July Tourret","isPartOf":{"@id":"https:\/\/www.julytourret.com\/#website"},"primaryImageOfPage":{"@id":"https:\/\/www.julytourret.com\/univers-musicaux\/suspence-elegance\/#primaryimage"},"image":{"@id":"https:\/\/www.julytourret.com\/univers-musicaux\/suspence-elegance\/#primaryimage"},"thumbnailUrl":"https:\/\/www.julytourret.com\/wp-content\/uploads\/elementor\/thumbs\/230331_JULY-TOURRET_camera-q644eo9vjgqdflwg73lgji8rvbm0d7b6eol0kyyhog.png","datePublished":"2023-05-05T11:50:31+00:00","dateModified":"2023-06-12T08:56:46+00:00","breadcrumb":{"@id":"https:\/\/www.julytourret.com\/univers-musicaux\/suspence-elegance\/#breadcrumb"},"inLanguage":"en-US","potentialAction":[{"@type":"ReadAction","target":["https:\/\/www.julytourret.com\/univers-musicaux\/suspence-elegance\/"]}]},{"@type":"ImageObject","inLanguage":"en-US","@id":"https:\/\/www.julytourret.com\/univers-musicaux\/suspence-elegance\/#primaryimage","url":"https:\/\/www.julytourret.com\/wp-content\/uploads\/elementor\/thumbs\/230331_JULY-TOURRET_camera-q644eo9vjgqdflwg73lgji8rvbm0d7b6eol0kyyhog.png","contentUrl":"https:\/\/www.julytourret.com\/wp-content\/uploads\/elementor\/thumbs\/230331_JULY-TOURRET_camera-q644eo9vjgqdflwg73lgji8rvbm0d7b6eol0kyyhog.png"},{"@type":"BreadcrumbList","@id":"https:\/\/www.julytourret.com\/univers-musicaux\/suspence-elegance\/#breadcrumb","itemListElement":[{"@type":"ListItem","position":1,"name":"Univers Musicaux","item":"https:\/\/www.julytourret.com\/univers-musicaux\/"},{"@type":"ListItem","position":2,"name":"Suspense Elegance"}]},{"@type":"WebSite","@id":"https:\/\/www.julytourret.com\/#website","url":"https:\/\/www.julytourret.com\/","name":"July Tourret","description":"July Tourret","potentialAction":[{"@type":"SearchAction","target":{"@type":"EntryPoint","urlTemplate":"https:\/\/www.julytourret.com\/?s={search_term_string}"},"query-input":"required name=search_term_string"}],"inLanguage":"en-US"}]}},"_links":{"self":[{"href":"https:\/\/www.julytourret.com\/en\/wp-json\/wp\/v2\/pages\/12525","targetHints":{"allow":["GET"]}}],"collection":[{"href":"https:\/\/www.julytourret.com\/en\/wp-json\/wp\/v2\/pages"}],"about":[{"href":"https:\/\/www.julytourret.com\/en\/wp-json\/wp\/v2\/types\/page"}],"author":[{"embeddable":true,"href":"https:\/\/www.julytourret.com\/en\/wp-json\/wp\/v2\/users\/1"}],"replies":[{"embeddable":true,"href":"https:\/\/www.julytourret.com\/en\/wp-json\/wp\/v2\/comments?post=12525"}],"version-history":[{"count":56,"href":"https:\/\/www.julytourret.com\/en\/wp-json\/wp\/v2\/pages\/12525\/revisions"}],"predecessor-version":[{"id":14043,"href":"https:\/\/www.julytourret.com\/en\/wp-json\/wp\/v2\/pages\/12525\/revisions\/14043"}],"up":[{"embeddable":true,"href":"https:\/\/www.julytourret.com\/en\/wp-json\/wp\/v2\/pages\/12157"}],"wp:attachment":[{"href":"https:\/\/www.julytourret.com\/en\/wp-json\/wp\/v2\/media?parent=12525"}],"curies":[{"name":"wp","href":"https:\/\/api.w.org\/{rel}","templated":true}]}}