{"id":12469,"date":"2023-05-05T11:13:35","date_gmt":"2023-05-05T11:13:35","guid":{"rendered":"https:\/\/www.iplp2698.odns.fr\/?page_id=12469"},"modified":"2024-01-18T14:21:26","modified_gmt":"2024-01-18T14:21:26","slug":"pop-voice","status":"publish","type":"page","link":"https:\/\/www.julytourret.com\/en\/univers-musicaux\/pop-voice\/","title":{"rendered":"Pop Voice"},"content":{"rendered":"<div data-elementor-type=\"wp-page\" data-elementor-id=\"12469\" class=\"elementor elementor-12469\" data-elementor-post-type=\"page\">\n\t\t\t\t\t\t<section class=\"elementor-section elementor-top-section elementor-element elementor-element-0f0acd4 elementor-hidden-desktop elementor-hidden-tablet elementor-section-boxed elementor-section-height-default elementor-section-height-default qodef-elementor-container-no qodef-section qodef-parallax-section-holder-touch-disabled qodef-parallax-section-no qodef-section-with-no-shadow\" data-id=\"0f0acd4\" data-element_type=\"section\">\n\t\t\t\t\t\t<div class=\"elementor-container elementor-column-gap-default\">\n\t\t\t\t\t<div class=\"elementor-column elementor-col-100 elementor-top-column elementor-element elementor-element-4fbdbba\" data-id=\"4fbdbba\" data-element_type=\"column\">\n\t\t\t<div class=\"elementor-widget-wrap elementor-element-populated\">\n\t\t\t\t\t\t<div class=\"elementor-element elementor-element-ef19df5 elementor-align-left elementor-mobile-align-center elementor-widget elementor-widget-breadcrumbs\" data-id=\"ef19df5\" data-element_type=\"widget\" data-widget_type=\"breadcrumbs.default\">\n\t\t\t\t<div class=\"elementor-widget-container\">\n\t\t\t<link rel=\"stylesheet\" href=\"https:\/\/www.julytourret.com\/wp-content\/plugins\/elementor-pro\/assets\/css\/widget-theme-elements.min.css\"><p id=\"breadcrumbs\"><\/p>\t\t<\/div>\n\t\t\t\t<\/div>\n\t\t\t\t\t<\/div>\n\t\t<\/div>\n\t\t\t\t\t<\/div>\n\t\t<\/section>\n\t\t\t\t<section class=\"elementor-section elementor-top-section elementor-element elementor-element-b700551 elementor-hidden-desktop elementor-hidden-tablet elementor-section-boxed elementor-section-height-default elementor-section-height-default qodef-elementor-container-no qodef-section qodef-parallax-section-holder-touch-disabled qodef-parallax-section-no qodef-section-with-no-shadow\" data-id=\"b700551\" data-element_type=\"section\">\n\t\t\t\t\t\t<div class=\"elementor-container elementor-column-gap-default\">\n\t\t\t\t\t<div class=\"elementor-column elementor-col-33 elementor-top-column elementor-element elementor-element-8855f99\" data-id=\"8855f99\" data-element_type=\"column\">\n\t\t\t<div class=\"elementor-widget-wrap elementor-element-populated\">\n\t\t\t\t\t\t<div class=\"elementor-element elementor-element-b230431 elementor-view-default elementor-widget elementor-widget-icon\" data-id=\"b230431\" data-element_type=\"widget\" data-widget_type=\"icon.default\">\n\t\t\t\t<div class=\"elementor-widget-container\">\n\t\t\t\t\t<div class=\"elementor-icon-wrapper\">\n\t\t\t<a class=\"elementor-icon\" href=\"https:\/\/www.julytourret.com\/en\/univers-musicaux\/suspence-elegance\/\">\n\t\t\t<i aria-hidden=\"true\" class=\"fas fa-chevron-left\"><\/i>\t\t\t<\/a>\n\t\t<\/div>\n\t\t\t\t<\/div>\n\t\t\t\t<\/div>\n\t\t\t\t\t<\/div>\n\t\t<\/div>\n\t\t\t\t<div class=\"elementor-column elementor-col-33 elementor-top-column elementor-element elementor-element-5cf468c\" data-id=\"5cf468c\" data-element_type=\"column\">\n\t\t\t<div class=\"elementor-widget-wrap elementor-element-populated\">\n\t\t\t\t\t\t<div class=\"elementor-element elementor-element-c9d4064 elementor-widget elementor-widget-image\" data-id=\"c9d4064\" data-element_type=\"widget\" data-widget_type=\"image.default\">\n\t\t\t\t<div class=\"elementor-widget-container\">\n\t\t\t<style>\/*! elementor - v3.21.0 - 26-05-2024 *\/\n.elementor-widget-image{text-align:center}.elementor-widget-image a{display:inline-block}.elementor-widget-image a img[src$=\".svg\"]{width:48px}.elementor-widget-image img{vertical-align:middle;display:inline-block}<\/style>\t\t\t\t\t\t\t\t\t\t<img decoding=\"async\" src=\"https:\/\/www.julytourret.com\/wp-content\/uploads\/elementor\/thumbs\/230331_JULY-TOURRET_bouche-q60tut0qh0ccaf7ujsgcrzl0g1e1vr63yp2z70yvi8.png\" title=\"230331_JULY-TOURRET_bouche\" alt=\"230331_JULY-TOURRET_bouche\" loading=\"lazy\" \/>\t\t\t\t\t\t\t\t\t\t\t\t\t<\/div>\n\t\t\t\t<\/div>\n\t\t\t\t\t<\/div>\n\t\t<\/div>\n\t\t\t\t<div class=\"elementor-column elementor-col-33 elementor-top-column elementor-element elementor-element-153f390\" data-id=\"153f390\" data-element_type=\"column\">\n\t\t\t<div class=\"elementor-widget-wrap elementor-element-populated\">\n\t\t\t\t\t\t<div class=\"elementor-element elementor-element-ea6f7e6 elementor-view-default elementor-widget elementor-widget-icon\" data-id=\"ea6f7e6\" data-element_type=\"widget\" data-widget_type=\"icon.default\">\n\t\t\t\t<div class=\"elementor-widget-container\">\n\t\t\t\t\t<div class=\"elementor-icon-wrapper\">\n\t\t\t<a class=\"elementor-icon\" href=\"https:\/\/www.julytourret.com\/en\/univers-musicaux\/pop-voice\/\">\n\t\t\t<i aria-hidden=\"true\" class=\"fas fa-chevron-right\"><\/i>\t\t\t<\/a>\n\t\t<\/div>\n\t\t\t\t<\/div>\n\t\t\t\t<\/div>\n\t\t\t\t\t<\/div>\n\t\t<\/div>\n\t\t\t\t\t<\/div>\n\t\t<\/section>\n\t\t\t\t<section class=\"elementor-section elementor-top-section elementor-element elementor-element-ea6ae39 elementor-section-full_width elementor-section-stretched elementor-section-height-default elementor-section-height-default qodef-elementor-container-no qodef-section qodef-parallax-section-holder-touch-disabled qodef-parallax-section-no qodef-section-with-no-shadow\" data-id=\"ea6ae39\" data-element_type=\"section\" data-settings=\"{&quot;stretch_section&quot;:&quot;section-stretched&quot;}\">\n\t\t\t\t\t\t<div class=\"elementor-container elementor-column-gap-default\">\n\t\t\t\t\t<div class=\"elementor-column elementor-col-25 elementor-top-column elementor-element elementor-element-a79dec0 elementor-hidden-mobile\" data-id=\"a79dec0\" data-element_type=\"column\">\n\t\t\t<div class=\"elementor-widget-wrap elementor-element-populated\">\n\t\t\t\t\t\t<div class=\"elementor-element elementor-element-5165643 elementor-view-default elementor-widget elementor-widget-icon\" data-id=\"5165643\" data-element_type=\"widget\" data-widget_type=\"icon.default\">\n\t\t\t\t<div class=\"elementor-widget-container\">\n\t\t\t\t\t<div class=\"elementor-icon-wrapper\">\n\t\t\t<a class=\"elementor-icon\" href=\"https:\/\/www.julytourret.com\/en\/univers-musicaux\/long-metrage-2\/\">\n\t\t\t<i aria-hidden=\"true\" class=\"fas fa-chevron-left\"><\/i>\t\t\t<\/a>\n\t\t<\/div>\n\t\t\t\t<\/div>\n\t\t\t\t<\/div>\n\t\t\t\t\t<\/div>\n\t\t<\/div>\n\t\t\t\t<div class=\"elementor-column elementor-col-25 elementor-top-column elementor-element elementor-element-0325c3e\" data-id=\"0325c3e\" data-element_type=\"column\">\n\t\t\t<div class=\"elementor-widget-wrap elementor-element-populated\">\n\t\t\t\t\t\t<div class=\"elementor-element elementor-element-6b9a6c8 elementor-align-left elementor-mobile-align-center elementor-hidden-mobile elementor-widget elementor-widget-breadcrumbs\" data-id=\"6b9a6c8\" data-element_type=\"widget\" data-widget_type=\"breadcrumbs.default\">\n\t\t\t\t<div class=\"elementor-widget-container\">\n\t\t\t<p id=\"breadcrumbs\"><\/p>\t\t<\/div>\n\t\t\t\t<\/div>\n\t\t\t\t<div class=\"elementor-element elementor-element-f1f226e elementor-hidden-mobile elementor-widget elementor-widget-image\" data-id=\"f1f226e\" data-element_type=\"widget\" data-widget_type=\"image.default\">\n\t\t\t\t<div class=\"elementor-widget-container\">\n\t\t\t\t\t\t\t\t\t\t\t\t\t<img decoding=\"async\" src=\"https:\/\/www.julytourret.com\/wp-content\/uploads\/elementor\/thumbs\/230331_JULY-TOURRET_bouche-q60tut0qh0cifef4um23c4c0k6xb9irgqqqbswxczk.png\" title=\"230331_JULY-TOURRET_bouche\" alt=\"230331_JULY-TOURRET_bouche\" loading=\"lazy\" \/>\t\t\t\t\t\t\t\t\t\t\t\t\t<\/div>\n\t\t\t\t<\/div>\n\t\t\t\t<div class=\"elementor-element elementor-element-183c264 elementor-hidden-mobile elementor-widget elementor-widget-text-editor\" data-id=\"183c264\" data-element_type=\"widget\" data-widget_type=\"text-editor.default\">\n\t\t\t\t<div class=\"elementor-widget-container\">\n\t\t\t<style>\/*! elementor - v3.21.0 - 26-05-2024 *\/\n.elementor-widget-text-editor.elementor-drop-cap-view-stacked .elementor-drop-cap{background-color:#69727d;color:#fff}.elementor-widget-text-editor.elementor-drop-cap-view-framed .elementor-drop-cap{color:#69727d;border:3px solid;background-color:transparent}.elementor-widget-text-editor:not(.elementor-drop-cap-view-default) .elementor-drop-cap{margin-top:8px}.elementor-widget-text-editor:not(.elementor-drop-cap-view-default) .elementor-drop-cap-letter{width:1em;height:1em}.elementor-widget-text-editor .elementor-drop-cap{float:left;text-align:center;line-height:1;font-size:50px}.elementor-widget-text-editor .elementor-drop-cap-letter{display:inline-block}<\/style>\t\t\t\t<p>All you need is a tangy voice and a strong melody with the electro-vintage pop sound of sequencers and synths, to immerse yourself in 80s pop.<\/p><p><span style=\"color: #000000;\">Performed by Nade \/ Lyrics by Brice Homs<\/span><\/p>\t\t\t\t\t\t<\/div>\n\t\t\t\t<\/div>\n\t\t\t\t<div class=\"elementor-element elementor-element-95e781c elementor-widget elementor-widget-qodef_album_player\" data-id=\"95e781c\" data-element_type=\"widget\" data-widget_type=\"qodef_album_player.default\">\n\t\t\t\t<div class=\"elementor-widget-container\">\n\t\t\t<div class=\"qodef-audio-player-wrapper qodef-player-transparent\"  style=\"background-color:\" >\n\t<div id= \"qodef-player-5110938\" class=\"jp-jplayer\"><\/div>\n\t\t<div id= \"qodef-player-container-5110938\" class=\"qodef-audio-player-holder\" data-album-id=\"12482\">\n\t\t<div class=\"qodef-audio-player-info-holder\">\n\t\t\t\t\t\t<div class=\"qodef-audio-player-text-holder\">\n\t\t\t\t<span class=\"qodef-audio-player-title\"><\/span>\n\t\t\t\t<span class=\"qodef-audio-player-album\"><\/span>\n\t\t\t<\/div>\n\t\t<\/div>\n\t\t<div class=\"qodef-audio-player-controls-holder\">\n\n\t\t\t<div class=\"jp-audio player-box\">\n\t\t\t\t<div class=\"jp-gui jp-interface\">\n\t\t\t\t\t<ul class=\"jp-controls\">\n\t\t\t\t\t\t<li style=\"background-color:\"><a class=\"jp-previous\" ><i class=\"fa fa-fast-backward\"><\/i><\/a><\/li><li style=\"background-color:\"><a class=\"jp-play\" ><i class=\"fa fa-play\"><\/i><i class=\"fa fa-pause\"><\/i><\/a><\/li><li style=\"background-color:\"><a class=\"jp-next\" ><i class=\"fa fa-fast-forward\"><\/i><\/a><\/li>\n\t\t\t\t\t<\/ul>\n\t\t\t\t<\/div>\n\t\t\t\t<div class=\"jp-type-playlist\">\n\t\t\t\t\t<div class=\"jp-playlist\">\n\t\t\t\t\t\t<ul class=\"tracks-list\">\n\t\t\t\t\t\t\t<li><\/li>\n\t\t\t\t\t\t<\/ul>\n\t\t\t\t\t<\/div>\n\t\t\t\t<\/div>\n\t\t\t<\/div>\n\t\t<\/div>\n\t\t<div class=\"qodef-audio-player-time-holder\">\n\t\t\t<div class=\"qodef-audio-player-progress-holder\">\n\t\t\t\t<div class=\"jp-audio player-box\">\n\t\t\t\t\t<div class=\"jp-gui jp-interface\">\n\t\t\t\t\t\t<div class=\"jp-progress\">\n\t\t\t\t\t\t\t<div class=\"jp-seek-bar\">\n\t\t\t\t\t\t\t\t<div class=\"jp-play-bar\"><\/div>\n\t\t\t\t\t\t\t<\/div>\n\t\t\t\t\t\t<\/div>\n\t\t\t\t\t<\/div>\n\t\t\t\t<\/div>\n\t\t\t<\/div>\n\t\t\t<div class=\"qodef-audio-player-current-time-holder\">\n\t\t\t\t<div class=\"jp-audio player-box\">\n\t\t\t\t\t<div class=\"jp-gui jp-interface\">\n\t\t\t\t\t\t<div class=\"time-box\">\n\t\t\t\t\t\t\t<span class=\"jp-current-time\"><\/span>\/<span class=\"jp-duration\"><\/span>\n\t\t\t\t\t\t<\/div>\n\t\t\t\t\t<\/div>\n\t\t\t\t<\/div>\n\t\t\t<\/div>\n\t\t<\/div>\n\t\t<div class=\"qodef-audio-player-volume-holder\">\n\t\t\t<div class=\"jp-volume-controls\">\n\t\t\t\t<a class=\"jp-mute\" role=\"button\" tabindex=\"0\"><i class=\"fa fa-volume-up\" aria-hidden=\"true\"><\/i><i class=\"fa fa-volume-off\" aria-hidden=\"true\"><\/i><\/a>\n\t\t\t\t<span class=\"jp-volume-bar\">\n\t\t\t\t\t<span class=\"jp-volume-bar-value\"><\/span>\n\t\t\t\t<\/span>\n\t\t\t<\/div>\n\t\t<\/div>\n\t<\/div>\n\t<\/div>\t\t<\/div>\n\t\t\t\t<\/div>\n\t\t\t\t\t<\/div>\n\t\t<\/div>\n\t\t\t\t<div class=\"elementor-column elementor-col-25 elementor-top-column elementor-element elementor-element-fd05f24\" data-id=\"fd05f24\" data-element_type=\"column\">\n\t\t\t<div class=\"elementor-widget-wrap elementor-element-populated\">\n\t\t\t\t\t\t<div class=\"elementor-element elementor-element-1681601 elementor-widget elementor-widget-qodef_album_disc\" data-id=\"1681601\" data-element_type=\"widget\" data-widget_type=\"qodef_album_disc.default\">\n\t\t\t\t<div class=\"elementor-widget-container\">\n\t\t\t<div class=\"qodef-album-disc qodef-animate-on-hover\">\n\t\t<div class=\"qodef-album-disc-inner\">\n\t\t<div class=\"qodef-album-disc-case-holder\">\n\t\t\t<img decoding=\"async\" class=\"qodef-album-disc-case\" src=\"https:\/\/www.julytourret.com\/wp-content\/uploads\/2023\/05\/Pop-voice-1080x1080-V8.png\" alt=\"Pop-voice-1080&#215;1080-V8\" \/>\n\t\t<\/div>\n\t\t<div class=\"qodef-album-disc-element\">\n\t\t\t<div class=\"qodef-album-disc-image-holder\">\n\t\t\t\t<div class=\"qodef-album-disc-image\" style=\"background-image:url()\">\n\t\t\t\t\t<span class=\"qodef-album-disc-border\" ><\/span>\n\t\t\t\t<\/div> \n\t\t\t<\/div>\t\t\t\n\t\t<\/div>\n\t<\/div>\n<\/div>\t\t<\/div>\n\t\t\t\t<\/div>\n\t\t\t\t<div class=\"elementor-element elementor-element-4b6be45 elementor-hidden-desktop elementor-hidden-tablet elementor-widget elementor-widget-text-editor\" data-id=\"4b6be45\" data-element_type=\"widget\" data-widget_type=\"text-editor.default\">\n\t\t\t\t<div class=\"elementor-widget-container\">\n\t\t\t\t\t\t\t<p>All you need is a tangy voice and a strong melody with the electro-vintage pop sound of sequencers and synths, to immerse yourself in 80s pop.<\/p><p><span style=\"color: #000000;\">Performed by Nade \/ Lyrics by Brice Homs<\/span><\/p>\t\t\t\t\t\t<\/div>\n\t\t\t\t<\/div>\n\t\t\t\t\t<\/div>\n\t\t<\/div>\n\t\t\t\t<div class=\"elementor-column elementor-col-25 elementor-top-column elementor-element elementor-element-fd40076 elementor-hidden-mobile\" data-id=\"fd40076\" data-element_type=\"column\">\n\t\t\t<div class=\"elementor-widget-wrap elementor-element-populated\">\n\t\t\t\t\t\t<div class=\"elementor-element elementor-element-66d3485 elementor-view-default elementor-widget elementor-widget-icon\" data-id=\"66d3485\" data-element_type=\"widget\" data-widget_type=\"icon.default\">\n\t\t\t\t<div class=\"elementor-widget-container\">\n\t\t\t\t\t<div class=\"elementor-icon-wrapper\">\n\t\t\t<a class=\"elementor-icon\" href=\"https:\/\/www.julytourret.com\/en\/univers-musicaux\/1930-2\/\">\n\t\t\t<i aria-hidden=\"true\" class=\"fas fa-chevron-right\"><\/i>\t\t\t<\/a>\n\t\t<\/div>\n\t\t\t\t<\/div>\n\t\t\t\t<\/div>\n\t\t\t\t\t<\/div>\n\t\t<\/div>\n\t\t\t\t\t<\/div>\n\t\t<\/section>\n\t\t\t\t<\/div>","protected":false},"excerpt":{"rendered":"<p>Il suffit d&rsquo;une voix acidul\u00e9e et d&rsquo;une m\u00e9lodie forte au son pop \u00e9lectro-vintage des s\u00e9quenceurs et\u00a0synth\u00e9s, pour se replonger dans&#8230;<\/p>","protected":false},"author":1,"featured_media":0,"parent":12157,"menu_order":0,"comment_status":"closed","ping_status":"closed","template":"full-width.php","meta":{"inline_featured_image":false,"footnotes":""},"class_list":["post-12469","page","type-page","status-publish","hentry"],"yoast_head":"<!-- This site is optimized with the Yoast SEO plugin v22.8 - https:\/\/yoast.com\/wordpress\/plugins\/seo\/ -->\n<title>Pop Voice - July Tourret<\/title>\n<meta name=\"robots\" content=\"index, follow, max-snippet:-1, max-image-preview:large, max-video-preview:-1\" \/>\n<link rel=\"canonical\" href=\"https:\/\/www.julytourret.com\/en\/univers-musicaux\/pop-voice\/\" \/>\n<meta property=\"og:locale\" content=\"en_US\" \/>\n<meta property=\"og:type\" content=\"article\" \/>\n<meta property=\"og:title\" content=\"Pop Voice - July Tourret\" \/>\n<meta property=\"og:description\" content=\"Il suffit d&rsquo;une voix acidul\u00e9e et d&rsquo;une m\u00e9lodie forte au son pop \u00e9lectro-vintage des s\u00e9quenceurs et\u00a0synth\u00e9s, pour se replonger dans...\" \/>\n<meta property=\"og:url\" content=\"https:\/\/www.julytourret.com\/en\/univers-musicaux\/pop-voice\/\" \/>\n<meta property=\"og:site_name\" content=\"July Tourret\" \/>\n<meta property=\"article:modified_time\" content=\"2024-01-18T14:21:26+00:00\" \/>\n<meta property=\"og:image\" content=\"https:\/\/www.julytourret.com\/wp-content\/uploads\/elementor\/thumbs\/230331_JULY-TOURRET_bouche-q60tut0qh0ccaf7ujsgcrzl0g1e1vr63yp2z70yvi8.png\" \/>\n<meta name=\"twitter:card\" content=\"summary_large_image\" \/>\n<meta name=\"twitter:label1\" content=\"Est. reading time\" \/>\n\t<meta name=\"twitter:data1\" content=\"2 minutes\" \/>\n<script type=\"application\/ld+json\" class=\"yoast-schema-graph\">{\"@context\":\"https:\/\/schema.org\",\"@graph\":[{\"@type\":\"WebPage\",\"@id\":\"https:\/\/www.julytourret.com\/univers-musicaux\/pop-voice\/\",\"url\":\"https:\/\/www.julytourret.com\/univers-musicaux\/pop-voice\/\",\"name\":\"Pop Voice - July Tourret\",\"isPartOf\":{\"@id\":\"https:\/\/www.julytourret.com\/#website\"},\"primaryImageOfPage\":{\"@id\":\"https:\/\/www.julytourret.com\/univers-musicaux\/pop-voice\/#primaryimage\"},\"image\":{\"@id\":\"https:\/\/www.julytourret.com\/univers-musicaux\/pop-voice\/#primaryimage\"},\"thumbnailUrl\":\"https:\/\/www.julytourret.com\/wp-content\/uploads\/elementor\/thumbs\/230331_JULY-TOURRET_bouche-q60tut0qh0ccaf7ujsgcrzl0g1e1vr63yp2z70yvi8.png\",\"datePublished\":\"2023-05-05T11:13:35+00:00\",\"dateModified\":\"2024-01-18T14:21:26+00:00\",\"breadcrumb\":{\"@id\":\"https:\/\/www.julytourret.com\/univers-musicaux\/pop-voice\/#breadcrumb\"},\"inLanguage\":\"en-US\",\"potentialAction\":[{\"@type\":\"ReadAction\",\"target\":[\"https:\/\/www.julytourret.com\/univers-musicaux\/pop-voice\/\"]}]},{\"@type\":\"ImageObject\",\"inLanguage\":\"en-US\",\"@id\":\"https:\/\/www.julytourret.com\/univers-musicaux\/pop-voice\/#primaryimage\",\"url\":\"https:\/\/www.julytourret.com\/wp-content\/uploads\/elementor\/thumbs\/230331_JULY-TOURRET_bouche-q60tut0qh0ccaf7ujsgcrzl0g1e1vr63yp2z70yvi8.png\",\"contentUrl\":\"https:\/\/www.julytourret.com\/wp-content\/uploads\/elementor\/thumbs\/230331_JULY-TOURRET_bouche-q60tut0qh0ccaf7ujsgcrzl0g1e1vr63yp2z70yvi8.png\"},{\"@type\":\"BreadcrumbList\",\"@id\":\"https:\/\/www.julytourret.com\/univers-musicaux\/pop-voice\/#breadcrumb\",\"itemListElement\":[{\"@type\":\"ListItem\",\"position\":1,\"name\":\"Univers Musicaux\",\"item\":\"https:\/\/www.julytourret.com\/univers-musicaux\/\"},{\"@type\":\"ListItem\",\"position\":2,\"name\":\"Pop Voice\"}]},{\"@type\":\"WebSite\",\"@id\":\"https:\/\/www.julytourret.com\/#website\",\"url\":\"https:\/\/www.julytourret.com\/\",\"name\":\"July Tourret\",\"description\":\"July Tourret\",\"potentialAction\":[{\"@type\":\"SearchAction\",\"target\":{\"@type\":\"EntryPoint\",\"urlTemplate\":\"https:\/\/www.julytourret.com\/?s={search_term_string}\"},\"query-input\":\"required name=search_term_string\"}],\"inLanguage\":\"en-US\"}]}<\/script>\n<!-- \/ Yoast SEO plugin. -->","yoast_head_json":{"title":"Pop Voice - July Tourret","robots":{"index":"index","follow":"follow","max-snippet":"max-snippet:-1","max-image-preview":"max-image-preview:large","max-video-preview":"max-video-preview:-1"},"canonical":"https:\/\/www.julytourret.com\/en\/univers-musicaux\/pop-voice\/","og_locale":"en_US","og_type":"article","og_title":"Pop Voice - July Tourret","og_description":"Il suffit d&rsquo;une voix acidul\u00e9e et d&rsquo;une m\u00e9lodie forte au son pop \u00e9lectro-vintage des s\u00e9quenceurs et\u00a0synth\u00e9s, pour se replonger dans...","og_url":"https:\/\/www.julytourret.com\/en\/univers-musicaux\/pop-voice\/","og_site_name":"July Tourret","article_modified_time":"2024-01-18T14:21:26+00:00","og_image":[{"url":"https:\/\/www.julytourret.com\/wp-content\/uploads\/elementor\/thumbs\/230331_JULY-TOURRET_bouche-q60tut0qh0ccaf7ujsgcrzl0g1e1vr63yp2z70yvi8.png"}],"twitter_card":"summary_large_image","twitter_misc":{"Est. reading time":"2 minutes"},"schema":{"@context":"https:\/\/schema.org","@graph":[{"@type":"WebPage","@id":"https:\/\/www.julytourret.com\/univers-musicaux\/pop-voice\/","url":"https:\/\/www.julytourret.com\/univers-musicaux\/pop-voice\/","name":"Pop Voice - July Tourret","isPartOf":{"@id":"https:\/\/www.julytourret.com\/#website"},"primaryImageOfPage":{"@id":"https:\/\/www.julytourret.com\/univers-musicaux\/pop-voice\/#primaryimage"},"image":{"@id":"https:\/\/www.julytourret.com\/univers-musicaux\/pop-voice\/#primaryimage"},"thumbnailUrl":"https:\/\/www.julytourret.com\/wp-content\/uploads\/elementor\/thumbs\/230331_JULY-TOURRET_bouche-q60tut0qh0ccaf7ujsgcrzl0g1e1vr63yp2z70yvi8.png","datePublished":"2023-05-05T11:13:35+00:00","dateModified":"2024-01-18T14:21:26+00:00","breadcrumb":{"@id":"https:\/\/www.julytourret.com\/univers-musicaux\/pop-voice\/#breadcrumb"},"inLanguage":"en-US","potentialAction":[{"@type":"ReadAction","target":["https:\/\/www.julytourret.com\/univers-musicaux\/pop-voice\/"]}]},{"@type":"ImageObject","inLanguage":"en-US","@id":"https:\/\/www.julytourret.com\/univers-musicaux\/pop-voice\/#primaryimage","url":"https:\/\/www.julytourret.com\/wp-content\/uploads\/elementor\/thumbs\/230331_JULY-TOURRET_bouche-q60tut0qh0ccaf7ujsgcrzl0g1e1vr63yp2z70yvi8.png","contentUrl":"https:\/\/www.julytourret.com\/wp-content\/uploads\/elementor\/thumbs\/230331_JULY-TOURRET_bouche-q60tut0qh0ccaf7ujsgcrzl0g1e1vr63yp2z70yvi8.png"},{"@type":"BreadcrumbList","@id":"https:\/\/www.julytourret.com\/univers-musicaux\/pop-voice\/#breadcrumb","itemListElement":[{"@type":"ListItem","position":1,"name":"Univers Musicaux","item":"https:\/\/www.julytourret.com\/univers-musicaux\/"},{"@type":"ListItem","position":2,"name":"Pop Voice"}]},{"@type":"WebSite","@id":"https:\/\/www.julytourret.com\/#website","url":"https:\/\/www.julytourret.com\/","name":"July Tourret","description":"July Tourret","potentialAction":[{"@type":"SearchAction","target":{"@type":"EntryPoint","urlTemplate":"https:\/\/www.julytourret.com\/?s={search_term_string}"},"query-input":"required name=search_term_string"}],"inLanguage":"en-US"}]}},"_links":{"self":[{"href":"https:\/\/www.julytourret.com\/en\/wp-json\/wp\/v2\/pages\/12469","targetHints":{"allow":["GET"]}}],"collection":[{"href":"https:\/\/www.julytourret.com\/en\/wp-json\/wp\/v2\/pages"}],"about":[{"href":"https:\/\/www.julytourret.com\/en\/wp-json\/wp\/v2\/types\/page"}],"author":[{"embeddable":true,"href":"https:\/\/www.julytourret.com\/en\/wp-json\/wp\/v2\/users\/1"}],"replies":[{"embeddable":true,"href":"https:\/\/www.julytourret.com\/en\/wp-json\/wp\/v2\/comments?post=12469"}],"version-history":[{"count":58,"href":"https:\/\/www.julytourret.com\/en\/wp-json\/wp\/v2\/pages\/12469\/revisions"}],"predecessor-version":[{"id":14068,"href":"https:\/\/www.julytourret.com\/en\/wp-json\/wp\/v2\/pages\/12469\/revisions\/14068"}],"up":[{"embeddable":true,"href":"https:\/\/www.julytourret.com\/en\/wp-json\/wp\/v2\/pages\/12157"}],"wp:attachment":[{"href":"https:\/\/www.julytourret.com\/en\/wp-json\/wp\/v2\/media?parent=12469"}],"curies":[{"name":"wp","href":"https:\/\/api.w.org\/{rel}","templated":true}]}}